{"id":575,"date":"2022-09-23T16:11:27","date_gmt":"2022-09-23T16:11:27","guid":{"rendered":"https:\/\/green-mama.kega-test.de\/agb\/"},"modified":"2023-01-09T08:16:31","modified_gmt":"2023-01-09T08:16:31","slug":"terms-conditions","status":"publish","type":"page","link":"https:\/\/green-mama.de\/en\/terms-conditions\/","title":{"rendered":"GENERAL TERMS AND CONDITIONS OF BUSINESS"},"content":{"rendered":"<section class=\"text\" id=\"block_e962ed20c6f9470928f9ac489d02b583\">\n    <div class='container mx-auto py-10 px-5 lg:px-0'>\n      <div>\n        <h1 style=\"font-size: 2rem;margin-bottom: 2rem\">Allgemeine Gesch\u00e4ftsbedingungen<\/h1>\n<p><strong>1 Allgemeines<\/strong><\/p>\n<p>F\u00fcr alle Rechtsgesch\u00e4fte mit dem Kunden gelten neben den allgemeinen gesetzlichen Bestimmungen ausschlie\u00dflich unsere \u201eAllgemeinen Gesch\u00e4ftsbedingungen\u201c. Diese k\u00f6nnen nur durch schriftliche Individualvereinbarungen ge\u00e4ndert werden. Das Kosmetikstudio Green Mama Bio Spa beh\u00e4lt sich \u00c4nderungen der Allgemeinen Gesch\u00e4ftsbedingungen vor. Dieses Zustimmungserfordernis gilt in jedem Fall, beispielsweise auch dann, wenn wir in Kenntnis der AGB des Kunden unsere Leistungen vorbehaltlos ausf\u00fchren.<\/p>\n<p>&nbsp;<\/p>\n<p><strong>2 Terminvereinbarung, Terminabsage und versp\u00e4tendes Eintreffen\u2018<\/strong><\/p>\n<p>Gebuchte Termine sind grunds\u00e4tzlich verbindlich und werden pers\u00f6nlich f\u00fcr den Kunden reserviert. Schlie\u00dflich wird f\u00fcr den Kunden die Zeit der Behandlungsdauer zuz\u00fcglich Vor- und Nacharbeit reserviert. Kann ein Termin nicht wahrgenommen werden muss dieser mindestens 24 Stunden vorher abgesagt werden. Bei Terminen, die innerhalb von 24 Stunden storniert werden, fallen 30 % der gebuchten Behandlung an. Bei nicht abgesagten Terminen sind wir berechtigt nach (\u00a7 615 BGB) die vereinbarte Behandlung mit entsprechenden Preis f\u00fcr den Verdienstausfall in Rechnung zu stellen. Ein Anspruch auf Ersatzleistung seitens des Kunden besteht nicht<\/p>\n<p>\u00dcber Termine, die wir aus zwingenden Gr\u00fcnden ver\u00e4ndern m\u00fcssen, informieren wir den Kunden umgehend. Wir haften nicht f\u00fcr Ausf\u00e4lle, die nicht in unserem Verantwortungsbereich liegen oder durch Dritte verursacht wurden. Bei versp\u00e4tetem Eintreffen besteht kein Anspruch auf Behandlung nur w\u00e4hrend der vereinbarten Behandlungsdauer. Wir sind berechtigt, die volle Behandlungszeit zu berechnen.<\/p>\n<p>&nbsp;<\/p>\n<p><strong>3 Preise, Angebote und Zahlungsbedingungen<\/strong><\/p>\n<p>Es gelten die Preise nach g\u00fcltiger Preisliste (inkl. gesetzlicher Mehrwertsteuer). Die Preise gelten bis zum Erscheinen einer neuen Preisliste. Ma\u00dfgeblich ist die zum Zeitpunkt des Vertragsabschlusses g\u00fcltige Fassung.<\/p>\n<p>Unsere Angebote sind freibleibend und unverbindlich. Angebote und Aktionen sind nur in dem angegebenen Zeitraum g\u00fcltig und gelten solange der Vorrat reicht. Die vereinbarten Preise sind mit Beendigung der Behandlung in bar f\u00e4llig (bzw. EC-Cash). Bei Verk\u00e4ufen von Produkten oder Gutscheinen gilt dies entsprechend. Bei Sonderbestellungen, behalten wir behalten uns vor, eine angemessene Anzahlung vorab zu berechnen.<\/p>\n<p>&nbsp;<\/p>\n<p><strong>4 Geschenkgutscheine und Aktions-Angebote<\/strong><\/p>\n<p>Geschenkgutscheine sollten innerhalb von 12 Monaten eingel\u00f6st werden und k\u00f6nnen nicht in bar ausgezahlt werden. Die Verj\u00e4hrungsfrist f\u00fcr Gutscheine betr\u00e4gt 3 Jahre. Der Wert der Leistung wird mit dem Preis angesetzt, der zu dem Zeitpunkt des Kaufes g\u00fcltig war. Differenzen zum aktuellen Preis sind aufzuzahlen. Angebotsaktionen gelten ausschlie\u00dflich in der ausgeschriebenen Frist maximal 3 Monate danach und sind in dieser Zeit wahrzunehmen bzw. gelten solange diese vorr\u00e4tig sind. Es besteht keinerlei Haftung im Falle von Verlust, Diebstahl oder Zerst\u00f6rung des Gutscheins.<\/p>\n<p>&nbsp;<\/p>\n<p><strong>5 Warenumtausch<\/strong><\/p>\n<p>Aktionsware, individuell bestellte Ware oder bereits gebrauchte Ware ist vom Umtausch ausgeschlossen.<\/p>\n<p>&nbsp;<\/p>\n<p><strong>6 Pers\u00f6nliche Daten und Privatsph\u00e4re<\/strong><\/p>\n<p>Der Kunde versichert alle pers\u00f6nlichen Daten und Informationen, die relevant f\u00fcr die professionelle Behandlung der geforderten Dienstleistung sind, an das Studio mitzuteilen Diese Daten werden auf der Kundenkarteikarte in schriftlicher oder elektronischer Form gespeichert. Das Kosmetikstudio\u00a0Green Mama Bio Spa verpflichtet sich, diese Daten nur f\u00fcr den Zweck der zu erbringenden Dienstleistung unter Ber\u00fccksichtigung der Datenschutzklauseln einzusetzen und die Daten nicht an Dritte weiterzugeben ohne schriftliche Einwilligung des Kunden.<\/p>\n<p>&nbsp;<\/p>\n<p><strong>7\u00a0Vertraulichkeit<\/strong><\/p>\n<p>Das\u00a0Kosmetikstudio\u00a0Green Mama Bio Spa\u00a0ist verpflichtet alle Informationen, die w\u00e4hrend der Behandlung oder dem Service besprochen wurden, geheim zu halten und vertraulich zu behandeln. Informationen werden als vertraulich eingestuft, wenn der Kunde dies zum Ausdruck bringt, bzw. wenn dies aus dem Inhalt der Informationen zu folgern ist. Die Vertraulichkeit wird au\u00dfer Kraft gesetzt, wenn dies von Rechtswegen entschieden wird und das\u00a0Kosmetikstudio\u00a0Green Mama Bio Spa\u00a0von der Vertraulichkeitsklausel gesetzlich entbunden wurde.<\/p>\n<p>&nbsp;<\/p>\n<p><strong>8\u00a0Haftung<\/strong><\/p>\n<p>Das\u00a0Kosmetikstudio\u00a0Green Mama Bio Spa\u00a0kann keine Haftung \u00fcbernehmen, wenn der Kunde durch die Dienstleistung zu Schaden kommt, die auf vom Kunden gelieferten Informationen beruht und sich diese als unzureichend herausstellen. Dies bezieht sich vor allen Dingen, aber nicht ausschlie\u00dflich, auf physische Bedingungen, medizinische oder medikament\u00f6se Voraussetzungen oder Aktivit\u00e4ten au\u00dferhalb des Studios. Das\u00a0Kosmetikstudio\u00a0Green Mama Bio Spa\u00a0ist nicht verantwortlich f\u00fcr den Verlust oder die Zerst\u00f6rung von pers\u00f6nlichen Gegenst\u00e4nden und von Besitz des Kunden die mit in das Studio gebracht wurden (wurde).<\/p>\n<p>&nbsp;<\/p>\n<p><strong>9\u00a0Beschwerden und Reklamationen<\/strong><\/p>\n<p>Sollte der Kunde eine Beschwerde oder Reklamation \u00fcber den Service, bzw. das gekaufte Produkt haben, so mu\u00df dies schnellstm\u00f6glich, sp\u00e4testens aber 3 Tage nach Erkennen des Reklamationsgrundes dem Studio gemeldet werden. Das Kosmetikstudio Green Mama Bio Spa wird dem Kunden innerhalb der darauf folgenden 5 Arbeitstage eine akzeptable L\u00f6sung unterbreiten, um die Reklamation auszur\u00e4umen. Ist eine Reklamation berechtigt, hat der Kunde ein Recht auf Nachbesserung und das\u00a0Kosmetikstudio\u00a0Green Mama Bio Spa\u00a0wird die reklamierte Arbeit ohne zus\u00e4tzliche Zahlung erneut leisten,. das reklamierte Produkt ersetzen. Bei einer erbrachten Dienstleistung gibt es keine Geld zur\u00fcck Garantie,<\/p>\n<p>lediglich das Recht auf Nachbesserung. Dies gilt nicht bei Permanent Make up, da Nachbehandlung meist erforderlich sind und zur Perfektion dienen.<\/p>\n<p>&nbsp;<\/p>\n<p><strong>10 \u00c4nderungsvorbehalt<\/strong><\/p>\n<p>Sollten einzelne Klauseln unwirksam sein oder werden, ber\u00fchrt dies die Wirksamkeit der anderen Klauseln nicht. Anstelle einer eventuell unwirksamen Klausel soll eine stellvertretend gelten, die dem Sinn der urspr\u00fcnglichen Formulierung am n\u00e4chsten kommt<\/p>\n<p>Bei Erscheinen neuer AGB bzw. neuer Angebots-und Preislisten verlieren alle vorherigen ihre G\u00fcltigkeit.<br \/>\nEs gilt deutsches Recht unter Ausschluss des UN-Kaufrechts.<\/p>\n<p>&nbsp;<\/p>\n<p><strong>11 Gerichtsstand<\/strong><\/p>\n<p>F\u00fcr die gerichtliche Kl\u00e4rung von Unstimmigkeiten ist der Gerichtsstand\u00a0Frankfurt am Main\u00a0zust\u00e4ndig.<\/p>\n<p>&nbsp;<\/p>\n<p>\u00a9 2022, Green Mama Bio Spa. Alle Rechte vorbehalten.<\/p>\n\n      <\/div>\n    <\/div>\n  <\/section>\n","protected":false},"excerpt":{"rendered":"","protected":false},"author":1,"featured_media":0,"parent":0,"menu_order":0,"comment_status":"closed","ping_status":"closed","template":"","meta":{"_acf_changed":false,"footnotes":""},"class_list":["post-575","page","type-page","status-publish","hentry"],"acf":[],"yoast_head":"<!-- This site is optimized with the Yoast SEO plugin v27.1.1 - https:\/\/yoast.com\/product\/yoast-seo-wordpress\/ -->\n<title>GENERAL TERMS AND CONDITIONS OF BUSINESS - Green Mama<\/title>\n<meta name=\"robots\" content=\"index, follow, max-snippet:-1, max-image-preview:large, max-video-preview:-1\" \/>\n<link rel=\"canonical\" href=\"https:\/\/green-mama.de\/en\/terms-conditions\/\" \/>\n<meta property=\"og:locale\" content=\"en_US\" \/>\n<meta property=\"og:type\" content=\"article\" \/>\n<meta property=\"og:title\" content=\"GENERAL TERMS AND CONDITIONS OF BUSINESS - Green Mama\" \/>\n<meta property=\"og:url\" content=\"https:\/\/green-mama.de\/en\/terms-conditions\/\" \/>\n<meta property=\"og:site_name\" content=\"Green Mama\" \/>\n<meta property=\"article:publisher\" content=\"https:\/\/www.facebook.com\/GreenMamaNaturkosmetik\" \/>\n<meta property=\"article:modified_time\" content=\"2023-01-09T08:16:31+00:00\" \/>\n<meta property=\"og:image\" content=\"https:\/\/green-mama.de\/wp-content\/uploads\/2022\/11\/Group-191.png\" \/>\n\t<meta property=\"og:image:width\" content=\"1662\" \/>\n\t<meta property=\"og:image:height\" content=\"758\" \/>\n\t<meta property=\"og:image:type\" content=\"image\/png\" \/>\n<meta name=\"twitter:card\" content=\"summary_large_image\" \/>\n<script type=\"application\/ld+json\" class=\"yoast-schema-graph\">{\"@context\":\"https:\/\/schema.org\",\"@graph\":[{\"@type\":\"WebPage\",\"@id\":\"https:\/\/green-mama.de\/en\/terms-conditions\/\",\"url\":\"https:\/\/green-mama.de\/en\/terms-conditions\/\",\"name\":\"GENERAL TERMS AND CONDITIONS OF BUSINESS - Green Mama\",\"isPartOf\":{\"@id\":\"https:\/\/green-mama.de\/en\/#website\"},\"datePublished\":\"2022-09-23T16:11:27+00:00\",\"dateModified\":\"2023-01-09T08:16:31+00:00\",\"breadcrumb\":{\"@id\":\"https:\/\/green-mama.de\/en\/terms-conditions\/#breadcrumb\"},\"inLanguage\":\"en-US\",\"potentialAction\":[{\"@type\":\"ReadAction\",\"target\":[\"https:\/\/green-mama.de\/en\/terms-conditions\/\"]}]},{\"@type\":\"BreadcrumbList\",\"@id\":\"https:\/\/green-mama.de\/en\/terms-conditions\/#breadcrumb\",\"itemListElement\":[{\"@type\":\"ListItem\",\"position\":1,\"name\":\"Startseite\",\"item\":\"https:\/\/green-mama.de\/en\/\"},{\"@type\":\"ListItem\",\"position\":2,\"name\":\"GENERAL TERMS AND CONDITIONS OF BUSINESS\"}]},{\"@type\":\"WebSite\",\"@id\":\"https:\/\/green-mama.de\/en\/#website\",\"url\":\"https:\/\/green-mama.de\/en\/\",\"name\":\"Green Mama\",\"description\":\"\",\"publisher\":{\"@id\":\"https:\/\/green-mama.de\/en\/#organization\"},\"potentialAction\":[{\"@type\":\"SearchAction\",\"target\":{\"@type\":\"EntryPoint\",\"urlTemplate\":\"https:\/\/green-mama.de\/en\/?s={search_term_string}\"},\"query-input\":{\"@type\":\"PropertyValueSpecification\",\"valueRequired\":true,\"valueName\":\"search_term_string\"}}],\"inLanguage\":\"en-US\"},{\"@type\":\"Organization\",\"@id\":\"https:\/\/green-mama.de\/en\/#organization\",\"name\":\"Green Mama Bio Spa Frankfurt\",\"url\":\"https:\/\/green-mama.de\/en\/\",\"logo\":{\"@type\":\"ImageObject\",\"inLanguage\":\"en-US\",\"@id\":\"https:\/\/green-mama.de\/en\/#\/schema\/logo\/image\/\",\"url\":\"https:\/\/www.green-mama.de\/wp-content\/uploads\/2022\/11\/Group-191.png\",\"contentUrl\":\"https:\/\/www.green-mama.de\/wp-content\/uploads\/2022\/11\/Group-191.png\",\"width\":1662,\"height\":758,\"caption\":\"Green Mama Bio Spa Frankfurt\"},\"image\":{\"@id\":\"https:\/\/green-mama.de\/en\/#\/schema\/logo\/image\/\"},\"sameAs\":[\"https:\/\/www.facebook.com\/GreenMamaNaturkosmetik\",\"https:\/\/www.instagram.com\/green_mama_bio_spa\/\"]}]}<\/script>\n<!-- \/ Yoast SEO plugin. -->","yoast_head_json":{"title":"GENERAL TERMS AND CONDITIONS OF BUSINESS - Green Mama","robots":{"index":"index","follow":"follow","max-snippet":"max-snippet:-1","max-image-preview":"max-image-preview:large","max-video-preview":"max-video-preview:-1"},"canonical":"https:\/\/green-mama.de\/en\/terms-conditions\/","og_locale":"en_US","og_type":"article","og_title":"GENERAL TERMS AND CONDITIONS OF BUSINESS - Green Mama","og_url":"https:\/\/green-mama.de\/en\/terms-conditions\/","og_site_name":"Green Mama","article_publisher":"https:\/\/www.facebook.com\/GreenMamaNaturkosmetik","article_modified_time":"2023-01-09T08:16:31+00:00","og_image":[{"width":1662,"height":758,"url":"https:\/\/green-mama.de\/wp-content\/uploads\/2022\/11\/Group-191.png","type":"image\/png"}],"twitter_card":"summary_large_image","schema":{"@context":"https:\/\/schema.org","@graph":[{"@type":"WebPage","@id":"https:\/\/green-mama.de\/en\/terms-conditions\/","url":"https:\/\/green-mama.de\/en\/terms-conditions\/","name":"GENERAL TERMS AND CONDITIONS OF BUSINESS - Green Mama","isPartOf":{"@id":"https:\/\/green-mama.de\/en\/#website"},"datePublished":"2022-09-23T16:11:27+00:00","dateModified":"2023-01-09T08:16:31+00:00","breadcrumb":{"@id":"https:\/\/green-mama.de\/en\/terms-conditions\/#breadcrumb"},"inLanguage":"en-US","potentialAction":[{"@type":"ReadAction","target":["https:\/\/green-mama.de\/en\/terms-conditions\/"]}]},{"@type":"BreadcrumbList","@id":"https:\/\/green-mama.de\/en\/terms-conditions\/#breadcrumb","itemListElement":[{"@type":"ListItem","position":1,"name":"Startseite","item":"https:\/\/green-mama.de\/en\/"},{"@type":"ListItem","position":2,"name":"GENERAL TERMS AND CONDITIONS OF BUSINESS"}]},{"@type":"WebSite","@id":"https:\/\/green-mama.de\/en\/#website","url":"https:\/\/green-mama.de\/en\/","name":"Green Mama","description":"","publisher":{"@id":"https:\/\/green-mama.de\/en\/#organization"},"potentialAction":[{"@type":"SearchAction","target":{"@type":"EntryPoint","urlTemplate":"https:\/\/green-mama.de\/en\/?s={search_term_string}"},"query-input":{"@type":"PropertyValueSpecification","valueRequired":true,"valueName":"search_term_string"}}],"inLanguage":"en-US"},{"@type":"Organization","@id":"https:\/\/green-mama.de\/en\/#organization","name":"Green Mama Bio Spa Frankfurt","url":"https:\/\/green-mama.de\/en\/","logo":{"@type":"ImageObject","inLanguage":"en-US","@id":"https:\/\/green-mama.de\/en\/#\/schema\/logo\/image\/","url":"https:\/\/www.green-mama.de\/wp-content\/uploads\/2022\/11\/Group-191.png","contentUrl":"https:\/\/www.green-mama.de\/wp-content\/uploads\/2022\/11\/Group-191.png","width":1662,"height":758,"caption":"Green Mama Bio Spa Frankfurt"},"image":{"@id":"https:\/\/green-mama.de\/en\/#\/schema\/logo\/image\/"},"sameAs":["https:\/\/www.facebook.com\/GreenMamaNaturkosmetik","https:\/\/www.instagram.com\/green_mama_bio_spa\/"]}]}},"_links":{"self":[{"href":"https:\/\/green-mama.de\/en\/wp-json\/wp\/v2\/pages\/575","targetHints":{"allow":["GET"]}}],"collection":[{"href":"https:\/\/green-mama.de\/en\/wp-json\/wp\/v2\/pages"}],"about":[{"href":"https:\/\/green-mama.de\/en\/wp-json\/wp\/v2\/types\/page"}],"author":[{"embeddable":true,"href":"https:\/\/green-mama.de\/en\/wp-json\/wp\/v2\/users\/1"}],"replies":[{"embeddable":true,"href":"https:\/\/green-mama.de\/en\/wp-json\/wp\/v2\/comments?post=575"}],"version-history":[{"count":2,"href":"https:\/\/green-mama.de\/en\/wp-json\/wp\/v2\/pages\/575\/revisions"}],"predecessor-version":[{"id":709,"href":"https:\/\/green-mama.de\/en\/wp-json\/wp\/v2\/pages\/575\/revisions\/709"}],"wp:attachment":[{"href":"https:\/\/green-mama.de\/en\/wp-json\/wp\/v2\/media?parent=575"}],"curies":[{"name":"wp","href":"https:\/\/api.w.org\/{rel}","templated":true}]}}